{"id":215,"date":"2020-12-21T02:03:27","date_gmt":"2020-12-21T02:03:27","guid":{"rendered":"https:\/\/varios.surpaginasweb.com.ar\/ecommerce\/producto\/import-placeholder-for-73\/"},"modified":"2020-12-26T23:51:24","modified_gmt":"2020-12-26T23:51:24","slug":"album","status":"publish","type":"product","link":"https:\/\/varios.surpaginasweb.com.ar\/ecommerce\/producto\/album\/","title":{"rendered":"Bcaa Pro Polvo 30 Servings $1.300"},"content":{"rendered":"<h2 class=\"ui-pdp-specs__title\">Caracter\u00edsticas principales<\/h2>\n<div class=\"ui-pdp-specs__table\">\n<table class=\"andes-table\">\n<tbody class=\"andes-table__body\">\n<tr class=\"andes-table__row\">\n<th class=\"andes-table__header andes-table__header--left ui-pdp-specs__table__column ui-pdp-specs__table__column-title\">Marca<\/th>\n<td class=\"andes-table__column andes-table__column--left ui-pdp-specs__table__column\"><span class=\"andes-table__column--value\">Xtrenght Nutrition<\/span><\/td>\n<\/tr>\n<tr class=\"andes-table__row\">\n<th class=\"andes-table__header andes-table__header--left ui-pdp-specs__table__column ui-pdp-specs__table__column-title\">Tipo de suplemento<\/th>\n<td class=\"andes-table__column andes-table__column--left ui-pdp-specs__table__column\"><span class=\"andes-table__column--value\">BCAA<\/span><\/td>\n<\/tr>\n<tr class=\"andes-table__row\">\n<th class=\"andes-table__header andes-table__header--left ui-pdp-specs__table__column ui-pdp-specs__table__column-title\">Nombre<\/th>\n<td class=\"andes-table__column andes-table__column--left ui-pdp-specs__table__column\"><span class=\"andes-table__column--value\">HYDRO BCAA POLVO<\/span><\/td>\n<\/tr>\n<tr class=\"andes-table__row\">\n<th class=\"andes-table__header andes-table__header--left ui-pdp-specs__table__column ui-pdp-specs__table__column-title\">Formato del suplemento<\/th>\n<td class=\"andes-table__column andes-table__column--left ui-pdp-specs__table__column\"><span class=\"andes-table__column--value\">Polvo<\/span><\/td>\n<\/tr>\n<tr class=\"andes-table__row\">\n<th class=\"andes-table__header andes-table__header--left ui-pdp-specs__table__column ui-pdp-specs__table__column-title\">Tipo de envase<\/th>\n<td class=\"andes-table__column andes-table__column--left ui-pdp-specs__table__column\"><span class=\"andes-table__column--value\">Pote<\/span><\/td>\n<\/tr>\n<tr class=\"andes-table__row\">\n<th class=\"andes-table__header andes-table__header--left ui-pdp-specs__table__column ui-pdp-specs__table__column-title\">Unidades por envase<\/th>\n<td class=\"andes-table__column andes-table__column--left ui-pdp-specs__table__column\"><span class=\"andes-table__column--value\">1<\/span><\/td>\n<\/tr>\n<tr class=\"andes-table__row\">\n<th class=\"andes-table__header andes-table__header--left ui-pdp-specs__table__column ui-pdp-specs__table__column-title\">Unidades por pack<\/th>\n<td class=\"andes-table__column andes-table__column--left ui-pdp-specs__table__column\"><span class=\"andes-table__column--value\">30<\/span><\/td>\n<\/tr>\n<tr class=\"andes-table__row\">\n<th class=\"andes-table__header andes-table__header--left ui-pdp-specs__table__column ui-pdp-specs__table__column-title\">Peso neto<\/th>\n<td class=\"andes-table__column andes-table__column--left ui-pdp-specs__table__column\"><span class=\"andes-table__column--value\">360 g<\/span><\/td>\n<\/tr>\n<tr class=\"andes-table__row\">\n<th class=\"andes-table__header andes-table__header--left ui-pdp-specs__table__column ui-pdp-specs__table__column-title\">Volumen neto<\/th>\n<td class=\"andes-table__column andes-table__column--left ui-pdp-specs__table__column\"><span class=\"andes-table__column--value\">2 L<\/span><\/td>\n<\/tr>\n<\/tbody>\n<\/table>\n<\/div>\n<p><strong><br \/>\n&#8212; CARACTERISTICAS &#8212;<\/strong><\/p>\n<p>El producto \u00e9sta elaborado con amino\u00e1cidos puros de grado farmac\u00e9utico y de forma libre; es la m\u00e1s asimilable de todas.<\/p>\n<p>\u00a1Hola Bienvenidos! Somos Suplementsport, una empresa con a\u00f1os en el rubro fitness.<br \/>\nTenemos stock de todos los productos publicado, dada la demanda esto var\u00eda seg\u00fan el momento en que decidas hacer la compra. Hemos hecho el esfuerzo necesario para seguir operando normalmente y seguimos despachando paquetes en tiempo pese a la demanda, pero los tiempos de entrega podr\u00edan ser mayores debido a la situaci\u00f3n actual de la cuarentena.<br \/>\n#YOMEQUEDOENCASA<\/p>\n<p>Atenci\u00f3n, aqu\u00ed dejamos toda la informaci\u00f3n que necesitas saber a la hora de realizar tu compra.<br \/>\nRespondemos todas las consultas por mensaje privado de Lunes a Viernes de 10 a 19 hs y S\u00e1bados de 10 a 14:30 hs.<\/p>\n<a class=\"maxbutton-1 maxbutton maxbutton-comprar-producto\" target=\"_blank\" title=\"Compra Protegida por Mercado Libre\" rel=\"noopener\" href=\"https:\/\/articulo.mercadolibre.com.ar\/MLA-822965160-bcaa-pro-polvo-30-servings-xtrenght-aminoacidos-_JM?matt_tool=22054597&amp;matt_word=&amp;matt_source=google&amp;matt_campaign_id=11615439249&amp;matt_ad_group_id=116168365347&amp;matt_match_type=&amp;matt_network=g&amp;matt_device=c&amp;matt_creative=479849196662&amp;matt_keyword=&amp;matt_ad_position=&amp;matt_ad_type=pla&amp;matt_merchant_id=278312825&amp;matt_product_id=MLA822965160&amp;matt_product_partition_id=329960875089&amp;matt_target_id=pla-329960875089&amp;gclid=Cj0KCQiAuJb_BRDJARIsAKkycUlGSUZYIVrjIJGDhm9cCb7fsqYlJgUIa0xvohw-W84XVlhYtzjDw7caAmtMEALw_wcB\"><span class='mb-text'>Comprar Producto<\/span><\/a>\n<p>&nbsp;<\/p>\n","protected":false},"excerpt":{"rendered":"<p>Te presentamos nuestro producto aprobado: Bcaa Pro Polvo de Xtrenght.<\/p>\n<p>El cual es considerado por deportistas de elite, como la combinaci\u00f3n perfecta. Posee amino\u00e1cidos de cadena ramificada en proporci\u00f3n 4.1.1 para una m\u00e1xima regeneraci\u00f3n muscular y es el \u00fanico del mercado que est\u00e1 potenciado con Beta Alanina, un desfatigante muscular por excelencia que te permite entrenar m\u00e1s intenso y por m\u00e1s tiempo.<br \/>\n&#8212; BENEFICIOS &#8212;<\/p>\n<p>M\u00e1xima regeneraci\u00f3n muscular<br \/>\nEfecto anticatabolico<br \/>\nEvita la fatiga muscular<\/p>\n[maxbutton id=\"1\" ]\n<p>&nbsp;<\/p>\n","protected":false},"featured_media":653,"comment_status":"open","ping_status":"closed","template":"","meta":[],"product_brand":[],"product_cat":[24],"product_tag":[40],"class_list":{"0":"post-215","1":"product","2":"type-product","3":"status-publish","4":"has-post-thumbnail","6":"product_cat-proteinas","7":"product_tag-recuperacion","8":"pa_marca-xtrength","9":"pa_objetivos-masa-muscular","10":"pa_objetivos-recuperacion","12":"first","13":"instock","14":"taxable","15":"shipping-taxable","16":"product-type-simple"},"_links":{"self":[{"href":"https:\/\/varios.surpaginasweb.com.ar\/ecommerce\/wp-json\/wp\/v2\/product\/215","targetHints":{"allow":["GET"]}}],"collection":[{"href":"https:\/\/varios.surpaginasweb.com.ar\/ecommerce\/wp-json\/wp\/v2\/product"}],"about":[{"href":"https:\/\/varios.surpaginasweb.com.ar\/ecommerce\/wp-json\/wp\/v2\/types\/product"}],"replies":[{"embeddable":true,"href":"https:\/\/varios.surpaginasweb.com.ar\/ecommerce\/wp-json\/wp\/v2\/comments?post=215"}],"wp:featuredmedia":[{"embeddable":true,"href":"https:\/\/varios.surpaginasweb.com.ar\/ecommerce\/wp-json\/wp\/v2\/media\/653"}],"wp:attachment":[{"href":"https:\/\/varios.surpaginasweb.com.ar\/ecommerce\/wp-json\/wp\/v2\/media?parent=215"}],"wp:term":[{"taxonomy":"product_brand","embeddable":true,"href":"https:\/\/varios.surpaginasweb.com.ar\/ecommerce\/wp-json\/wp\/v2\/product_brand?post=215"},{"taxonomy":"product_cat","embeddable":true,"href":"https:\/\/varios.surpaginasweb.com.ar\/ecommerce\/wp-json\/wp\/v2\/product_cat?post=215"},{"taxonomy":"product_tag","embeddable":true,"href":"https:\/\/varios.surpaginasweb.com.ar\/ecommerce\/wp-json\/wp\/v2\/product_tag?post=215"}],"curies":[{"name":"wp","href":"https:\/\/api.w.org\/{rel}","templated":true}]}}