{"id":272,"date":"2020-01-21T02:50:46","date_gmt":"2020-01-21T02:50:46","guid":{"rendered":"https:\/\/varios.surpaginasweb.com.ar\/ecommerce\/?post_type=product&#038;p=272"},"modified":"2020-12-27T00:27:27","modified_gmt":"2020-12-27T00:27:27","slug":"prueba","status":"publish","type":"product","link":"https:\/\/varios.surpaginasweb.com.ar\/ecommerce\/producto\/prueba\/","title":{"rendered":"Pellet de Soja LP\/HP"},"content":{"rendered":"<h2>Detalles del Producto<\/h2>\n<p>Producto solido, tostado y desolventizado resultante de la extracci\u00f3n industrial del aceite de los porotos de soja normal, apto para preparaci\u00f3n de alimentos balanceados.<br \/>\nSe regula su granulometr\u00eda por medio de los equipos denominados &#8220;granuladoras&#8221; para darle formato de comprimidos.<\/p>\n<h2>Aplicaciones<\/h2>\n<p>Se emplean esencialmente en la producci\u00f3n de alimentos balanceados para la ganader\u00eda o como suplemento de pastoreo de animales alimentados bajo r\u00e9gimen extensivo.<\/p>\n<h2>Componentes<\/h2>\n<p>Prote\u00edna 42-46%, EE &#8211; Grasa Bruta 2-2.5%, Humedad 12.50%, Fibra Cruda 3.5-7%, Actividad Ure\u00e1sica 0,01-0,1%<\/p>\n","protected":false},"excerpt":{"rendered":"<h2>Detalles del Producto<\/h2>\n<p>Producto solido, tostado y desolventizado resultante de la extracci\u00f3n industrial del aceite de los porotos de soja normal, apto para preparaci\u00f3n de alimentos balanceados.<br \/>\nSe regula su granulometr\u00eda por medio de los equipos denominados &#8220;granuladoras&#8221; para darle formato de comprimidos.<\/p>\n<h2>Aplicaciones<\/h2>\n<p>Se emplean esencialmente en la producci\u00f3n de alimentos balanceados para la ganader\u00eda o como suplemento de pastoreo de animales alimentados bajo r\u00e9gimen extensivo.<\/p>\n<h2>Componentes<\/h2>\n<p>Prote\u00edna 42-46%, EE &#8211; Grasa Bruta 2-2.5%, Humedad 12.50%, Fibra Cruda 3.5-7%, Actividad Ure\u00e1sica 0,01-0,1%<\/p>\n","protected":false},"featured_media":496,"comment_status":"open","ping_status":"closed","template":"","meta":[],"product_brand":[],"product_cat":[23],"product_tag":[],"class_list":{"0":"post-272","1":"product","2":"type-product","3":"status-publish","4":"has-post-thumbnail","6":"product_cat-sin-categorizar","8":"first","9":"instock","10":"taxable","11":"shipping-taxable","12":"product-type-simple"},"_links":{"self":[{"href":"https:\/\/varios.surpaginasweb.com.ar\/ecommerce\/wp-json\/wp\/v2\/product\/272","targetHints":{"allow":["GET"]}}],"collection":[{"href":"https:\/\/varios.surpaginasweb.com.ar\/ecommerce\/wp-json\/wp\/v2\/product"}],"about":[{"href":"https:\/\/varios.surpaginasweb.com.ar\/ecommerce\/wp-json\/wp\/v2\/types\/product"}],"replies":[{"embeddable":true,"href":"https:\/\/varios.surpaginasweb.com.ar\/ecommerce\/wp-json\/wp\/v2\/comments?post=272"}],"wp:featuredmedia":[{"embeddable":true,"href":"https:\/\/varios.surpaginasweb.com.ar\/ecommerce\/wp-json\/wp\/v2\/media\/496"}],"wp:attachment":[{"href":"https:\/\/varios.surpaginasweb.com.ar\/ecommerce\/wp-json\/wp\/v2\/media?parent=272"}],"wp:term":[{"taxonomy":"product_brand","embeddable":true,"href":"https:\/\/varios.surpaginasweb.com.ar\/ecommerce\/wp-json\/wp\/v2\/product_brand?post=272"},{"taxonomy":"product_cat","embeddable":true,"href":"https:\/\/varios.surpaginasweb.com.ar\/ecommerce\/wp-json\/wp\/v2\/product_cat?post=272"},{"taxonomy":"product_tag","embeddable":true,"href":"https:\/\/varios.surpaginasweb.com.ar\/ecommerce\/wp-json\/wp\/v2\/product_tag?post=272"}],"curies":[{"name":"wp","href":"https:\/\/api.w.org\/{rel}","templated":true}]}}