{"id":709,"date":"2020-12-27T00:13:52","date_gmt":"2020-12-27T00:13:52","guid":{"rendered":"https:\/\/varios.surpaginasweb.com.ar\/ecommerce\/?post_type=product&#038;p=709"},"modified":"2020-12-30T11:48:07","modified_gmt":"2020-12-30T11:48:07","slug":"creatina-star-nutrition-monohidrato-300-grs-600","status":"publish","type":"product","link":"https:\/\/varios.surpaginasweb.com.ar\/ecommerce\/producto\/creatina-star-nutrition-monohidrato-300-grs-600\/","title":{"rendered":"Creatina Star Nutrition Monohidrato 300 Grs. $600"},"content":{"rendered":"<p>Te presentamos nuestro producto aprobado: Creatina Monohidrato de Star Nutrition.<\/p>\n<p>&#8212; INFORMACI\u00d3N ADICIONAL &#8212;<\/p>\n<p>La creatina micronizada es la uni\u00f3n de tres amino\u00e1cidos que ofrece mayores ventajas que la creatina normal, mejorando su asimilaci\u00f3n. Es recomendada durante un plan de entrenamiento para aumentar las fuerza, resistencia y recuperaci\u00f3n.<\/p>\n<p>&#8212; BENEFICIOS &#8212;<\/p>\n<p>Antes del entrenamiento previene la fatiga muscular.<br \/>\nLuego del entrenamiento recupera la masa muscular.<br \/>\nAumento de energ\u00eda.<br \/>\nAumento muscular.<br \/>\nPrevenci\u00f3n de fatiga muscular.<\/p>\n<p>&nbsp;<\/p>\n<a class=\"maxbutton-1 maxbutton maxbutton-comprar-producto\" target=\"_blank\" title=\"Compra Protegida por Mercado Libre\" rel=\"noopener\" href=\"https:\/\/articulo.mercadolibre.com.ar\/MLA-822965164-creatina-star-nutrition-monohidrato-300-grs-creatina-star-_JM#searchVariation=45826805993&#038;position=2&#038;type=item&#038;tracking_id=436dd998-474f-48b5-b822-4a0cc3892c7e\"><span class='mb-text'>Comprar Producto<\/span><\/a>\n","protected":false},"excerpt":{"rendered":"<h2 class=\"ui-pdp-specs__title\">Caracter\u00edsticas principales<\/h2>\n<div class=\"ui-pdp-specs__table\">\n<table class=\"andes-table\">\n<tbody class=\"andes-table__body\">\n<tr class=\"andes-table__row\">\n<th class=\"andes-table__header andes-table__header--left ui-pdp-specs__table__column ui-pdp-specs__table__column-title\">Marca<\/th>\n<td class=\"andes-table__column andes-table__column--left ui-pdp-specs__table__column\"><span class=\"andes-table__column--value\">Star Nutrition<\/span><\/td>\n<\/tr>\n<tr class=\"andes-table__row\">\n<th class=\"andes-table__header andes-table__header--left ui-pdp-specs__table__column ui-pdp-specs__table__column-title\">Tipo de suplemento<\/th>\n<td class=\"andes-table__column andes-table__column--left ui-pdp-specs__table__column\"><span class=\"andes-table__column--value\">Creatina<\/span><\/td>\n<\/tr>\n<tr class=\"andes-table__row\">\n<th class=\"andes-table__header andes-table__header--left ui-pdp-specs__table__column ui-pdp-specs__table__column-title\">Nombre<\/th>\n<td class=\"andes-table__column andes-table__column--left ui-pdp-specs__table__column\"><span class=\"andes-table__column--value\">Creatine Monohidrate<\/span><\/td>\n<\/tr>\n<tr class=\"andes-table__row\">\n<th class=\"andes-table__header andes-table__header--left ui-pdp-specs__table__column ui-pdp-specs__table__column-title\">Formato del suplemento<\/th>\n<td class=\"andes-table__column andes-table__column--left ui-pdp-specs__table__column\"><span class=\"andes-table__column--value\">Polvo<\/span><\/td>\n<\/tr>\n<tr class=\"andes-table__row\">\n<th class=\"andes-table__header andes-table__header--left ui-pdp-specs__table__column ui-pdp-specs__table__column-title\">Tipo de envase<\/th>\n<td class=\"andes-table__column andes-table__column--left ui-pdp-specs__table__column\"><span class=\"andes-table__column--value\">Pote<\/span><\/td>\n<\/tr>\n<tr class=\"andes-table__row\">\n<th class=\"andes-table__header andes-table__header--left ui-pdp-specs__table__column ui-pdp-specs__table__column-title\">Unidades por envase<\/th>\n<td class=\"andes-table__column andes-table__column--left ui-pdp-specs__table__column\"><span class=\"andes-table__column--value\">1<\/span><\/td>\n<\/tr>\n<tr class=\"andes-table__row\">\n<th class=\"andes-table__header andes-table__header--left ui-pdp-specs__table__column ui-pdp-specs__table__column-title\">Unidades por pack<\/th>\n<td class=\"andes-table__column andes-table__column--left ui-pdp-specs__table__column\"><span class=\"andes-table__column--value\">1<\/span><\/td>\n<\/tr>\n<tr class=\"andes-table__row\">\n<th class=\"andes-table__header andes-table__header--left ui-pdp-specs__table__column ui-pdp-specs__table__column-title\">Peso neto<\/th>\n<td class=\"andes-table__column andes-table__column--left ui-pdp-specs__table__column\"><span class=\"andes-table__column--value\">300 g<\/span><\/td>\n<\/tr>\n<tr class=\"andes-table__row\">\n<th class=\"andes-table__header andes-table__header--left ui-pdp-specs__table__column ui-pdp-specs__table__column-title\">Peso de la unidad<\/th>\n<td class=\"andes-table__column andes-table__column--left ui-pdp-specs__table__column\"><span class=\"andes-table__column--value\">300 g<\/span><\/td>\n<\/tr>\n<tr class=\"andes-table__row\">\n<th class=\"andes-table__header andes-table__header--left ui-pdp-specs__table__column ui-pdp-specs__table__column-title\">Volumen neto<\/th>\n<td class=\"andes-table__column andes-table__column--left ui-pdp-specs__table__column\"><span class=\"andes-table__column--value\">1 L<\/span><\/td>\n<\/tr>\n<\/tbody>\n<\/table>\n[maxbutton id=\"1\" url=\"https:\/\/articulo.mercadolibre.com.ar\/MLA-822965164-creatina-star-nutrition-monohidrato-300-grs-creatina-star-_JM#searchVariation=45826805993&amp;position=2&amp;type=item&amp;tracking_id=436dd998-474f-48b5-b822-4a0cc3892c7e\" ]\n<\/div>\n","protected":false},"featured_media":710,"comment_status":"open","ping_status":"closed","template":"","meta":[],"product_brand":[],"product_cat":[47],"product_tag":[],"class_list":{"0":"post-709","1":"product","2":"type-product","3":"status-publish","4":"has-post-thumbnail","6":"product_cat-creatinas","7":"pa_marca-star-nutrition","8":"pa_objetivos-masa-muscular","9":"pa_objetivos-resistencia","11":"first","12":"instock","13":"featured","14":"taxable","15":"shipping-taxable","16":"product-type-simple"},"_links":{"self":[{"href":"https:\/\/varios.surpaginasweb.com.ar\/ecommerce\/wp-json\/wp\/v2\/product\/709","targetHints":{"allow":["GET"]}}],"collection":[{"href":"https:\/\/varios.surpaginasweb.com.ar\/ecommerce\/wp-json\/wp\/v2\/product"}],"about":[{"href":"https:\/\/varios.surpaginasweb.com.ar\/ecommerce\/wp-json\/wp\/v2\/types\/product"}],"replies":[{"embeddable":true,"href":"https:\/\/varios.surpaginasweb.com.ar\/ecommerce\/wp-json\/wp\/v2\/comments?post=709"}],"wp:featuredmedia":[{"embeddable":true,"href":"https:\/\/varios.surpaginasweb.com.ar\/ecommerce\/wp-json\/wp\/v2\/media\/710"}],"wp:attachment":[{"href":"https:\/\/varios.surpaginasweb.com.ar\/ecommerce\/wp-json\/wp\/v2\/media?parent=709"}],"wp:term":[{"taxonomy":"product_brand","embeddable":true,"href":"https:\/\/varios.surpaginasweb.com.ar\/ecommerce\/wp-json\/wp\/v2\/product_brand?post=709"},{"taxonomy":"product_cat","embeddable":true,"href":"https:\/\/varios.surpaginasweb.com.ar\/ecommerce\/wp-json\/wp\/v2\/product_cat?post=709"},{"taxonomy":"product_tag","embeddable":true,"href":"https:\/\/varios.surpaginasweb.com.ar\/ecommerce\/wp-json\/wp\/v2\/product_tag?post=709"}],"curies":[{"name":"wp","href":"https:\/\/api.w.org\/{rel}","templated":true}]}}