{"id":1532,"date":"2025-07-03T19:30:02","date_gmt":"2025-07-03T22:30:02","guid":{"rendered":"https:\/\/varios.surpaginasweb.com.ar\/estetica\/?page_id=1532"},"modified":"2025-07-09T17:32:52","modified_gmt":"2025-07-09T20:32:52","slug":"masaje-kobido","status":"publish","type":"page","link":"https:\/\/varios.surpaginasweb.com.ar\/estetica\/masaje-kobido\/","title":{"rendered":"Masaje Kobido"},"content":{"rendered":"<div  class=\"wp-block-ultimate-post-image ultp-block-abf816\"><div class=\"ultp-block-wrapper\"><figure class=\"ultp-image-block-wrapper\"><div class=\"ultp-image-block ultp-image-block-zoomIn\"><img decoding=\"async\"  class=\"ultp-image\"  alt=\"Image Not Found\"  src=\"https:\/\/varios.surpaginasweb.com.ar\/estetica\/wp-content\/uploads\/2025\/07\/Masaje-Cobido.jpg\" \/><\/div><\/figure><\/div><\/div>\n\n\n<div style=\"height:35px\" aria-hidden=\"true\" class=\"wp-block-spacer\"><\/div>\n\n\n\n<h2 class=\"wp-block-heading has-text-align-center\">Pr\u00e1ctica basada en la reflexolog\u00eda facial, el shiatsu, y el drenaje linf\u00e1tico, sus manipulaciones consiguen el levantamiento de la piel de forma natural.<\/h2>\n\n\n\n<div style=\"height:25px\" aria-hidden=\"true\" class=\"wp-block-spacer\"><\/div>\n\n\n\n<div class=\"wp-block-ultimate-post-wrapper ultp-block-709737\"><div class=\"ultp-wrapper-block\">\n<div class=\"wp-block-columns animate-fade-right is-layout-flex wp-container-core-columns-is-layout-ed5226f6 wp-block-columns-is-layout-flex\" style=\"padding-right:0;padding-left:0\">\n<div class=\"wp-block-column is-layout-flow wp-block-column-is-layout-flow\">\n<h3 class=\"wp-block-heading has-text-align-center\">Masaje kobido o \u201cantiguo camino de la belleza\u201d<\/h3>\n\n\n\n<p class=\"has-yith-proteo-editor-custom-color-6-color has-text-color has-link-color wp-elements-61f9e1abc4330f5b13d9557a446dab6e\" style=\"font-size:18px\"><strong>El Masaje Kobido o \u201cantiguo camino de la belleza\u201d<\/strong>, es la terapia premiun neuro-sensorial que tonifica y tensa los m\u00fasculos de la piel mediante un conjunto de masajes faciales muy espec\u00edficos.<\/p>\n\n\n\n<p class=\"has-link-color wp-elements-9833901b269b7ee376fc18fb34d9836b\" style=\"font-size:18px\">Esta pr\u00e1ctica esta basada en la reflexolog\u00eda facial, el shiatsu, y el drenaje linf\u00e1tico, sus manipulaciones consiguen el levantamiento de la piel de forma natural.<br>Y esto no es todo; con esta especie de gimnasia facial, que aporta luminosidad y juventud a la piel, se alcanza bienestar y relajaci\u00f3n, trabajando incluso el plano emocional. Seguro que te gustar\u00eda conocerlo m\u00e1s a fondo.<\/p>\n\n\n\n<p class=\"has-link-color wp-elements-d4b63186d6968718f76487ed86370eb4\" style=\"font-size:18px\">El masaje kobido o lifting japon\u00e9s combina varias terapias para moldear las facciones, elevar y reforzar la musculatura facial y oxigena la piel para aportarle luminosidad.<br>Desde la primera sesi\u00f3n comprobar\u00e1s el nuevo despertar de tu piel: facciones moldeadas, rasgos levantados y un aumento de la densidad de los tejidos, lo que permite que la piel de tu rostro adquiera mayor luminosidad, esplendor y vitalidad.<\/p>\n<\/div>\n\n\n\n<div class=\"wp-block-column is-layout-flow wp-block-column-is-layout-flow\" style=\"flex-basis:45%\">\n<div style=\"height:30px\" aria-hidden=\"true\" class=\"wp-block-spacer\"><\/div>\n\n\n<div  class=\"wp-block-ultimate-post-image ultp-block-4f68fa animate-fade-up\"><div class=\"ultp-block-wrapper\"><figure class=\"ultp-image-block-wrapper\"><div class=\"ultp-image-block ultp-image-block-zoomIn\"><a href=\"https:\/\/varios.surpaginasweb.com.ar\/estetica\/wp-content\/uploads\/2025\/07\/Masaje-Cobido-5.jpg\" target=\"_blank\"><img decoding=\"async\"  class=\"ultp-image\"  alt=\"Image Not Found\"  src=\"https:\/\/varios.surpaginasweb.com.ar\/estetica\/wp-content\/uploads\/2025\/07\/Masaje-Cobido-5.jpg\" \/><\/a><\/div><\/figure><\/div><\/div><\/div>\n<\/div>\n<\/div><\/div>\n\n\n\n<div style=\"height:30px\" aria-hidden=\"true\" class=\"wp-block-spacer\"><\/div>\n\n\n\n<h2 class=\"wp-block-heading has-text-align-center\">Lo que se consigue con el Lifting Japon\u00e9s:<\/h2>\n\n\n\n<ul class=\"wp-block-list\">\n<li style=\"font-size:19px\">Activa la circulaci\u00f3n de la piel, favoreciendo la eliminaci\u00f3n de c\u00e9lulas muertas, aporta luminosidad y da un aspecto saludable y una complexi\u00f3n de aspecto m\u00e1s juvenil. Tambi\u00e9n incrementa el aporte de nutrientes m\u00e1s eficientemente, ralentizando de manera evidente los signos visibles del envejecimiento.<\/li>\n\n\n\n<li style=\"font-size:19px\">Incrementa la temperatura de la piel. Ello facilita la liberaci\u00f3n de toxinas profundamente fijadas, a las que los limpiadores no alcanzan. Al aumentar la temperatura se activa el sistema linf\u00e1tico, lo que le permite transportar y eliminar m\u00e1s eficientemente las bacterias y las toxinas de las c\u00e9lulas de la piel.<\/li>\n\n\n\n<li style=\"font-size:19px\">Aumenta la capacidad de la piel para retener la hidrataci\u00f3n creando una barrera emoliente contra la evaporaci\u00f3n.<\/li>\n\n\n\n<li style=\"font-size:19px\">Libera las contracturas del tejido muscular, permitiendo una buena irrigaci\u00f3n sangu\u00ednea por toda la superficie del rostro. Esto aporta ox\u00edgeno y nutrientes hasta las c\u00e9lulas de la piel. \u00danicamente cuando la circulaci\u00f3n sangu\u00ednea se ve mejorada las c\u00e9lulas de la piel pueden repararse y rejuvenecerse por s\u00ed mismas.<br>La digitopresi\u00f3n que incorpora el lifting japon\u00e9s puede tambi\u00e9n autoaplicarse para desinflamar los tejidos faciales. Resulta muy eficaz para mejorar la eficacia de los tratamientos cosm\u00e9ticos.<\/li>\n<\/ul>\n\n\n\n<div class=\"wp-block-group is-content-justification-center is-nowrap is-layout-flex wp-container-core-group-is-layout-94bc23d7 wp-block-group-is-layout-flex\"><div  class=\"wp-block-ultimate-post-image ultp-block-aa7d89\"><div class=\"ultp-block-wrapper\"><figure class=\"ultp-image-block-wrapper\"><div class=\"ultp-image-block ultp-image-block-zoomIn\"><a href=\"https:\/\/varios.surpaginasweb.com.ar\/estetica\/wp-content\/uploads\/2025\/07\/Masaje-Cobido-3.jpg\" target=\"_blank\"><img decoding=\"async\"  class=\"ultp-image\"  alt=\"Image Not Found\"  src=\"https:\/\/varios.surpaginasweb.com.ar\/estetica\/wp-content\/uploads\/2025\/07\/Masaje-Cobido-3.jpg\" \/><\/a><\/div><\/figure><\/div><\/div>\n\n<div  class=\"wp-block-ultimate-post-image ultp-block-c26290\"><div class=\"ultp-block-wrapper\"><figure class=\"ultp-image-block-wrapper\"><div class=\"ultp-image-block ultp-image-block-zoomIn\"><a href=\"https:\/\/varios.surpaginasweb.com.ar\/estetica\/wp-content\/uploads\/2025\/07\/Masaje-Cobido-4.jpg\" target=\"_blank\"><img decoding=\"async\"  class=\"ultp-image\"  alt=\"Image Not Found\"  src=\"https:\/\/varios.surpaginasweb.com.ar\/estetica\/wp-content\/uploads\/2025\/07\/Masaje-Cobido-4.jpg\" \/><\/a><\/div><\/figure><\/div><\/div><\/div>\n\n\n\n<div style=\"height:15px\" aria-hidden=\"true\" class=\"wp-block-spacer\"><\/div>\n\n\n\n<div class=\"wp-block-group is-content-justification-center is-nowrap is-layout-flex wp-container-core-group-is-layout-94bc23d7 wp-block-group-is-layout-flex\"><div  class=\"wp-block-ultimate-post-image ultp-block-18843f\"><div class=\"ultp-block-wrapper\"><figure class=\"ultp-image-block-wrapper\"><div class=\"ultp-image-block ultp-image-block-zoomIn\"><a href=\"https:\/\/varios.surpaginasweb.com.ar\/estetica\/wp-content\/uploads\/2025\/07\/Masaje-Cobido-2.jpg\" target=\"_blank\"><img decoding=\"async\"  class=\"ultp-image\"  alt=\"Image Not Found\"  src=\"https:\/\/varios.surpaginasweb.com.ar\/estetica\/wp-content\/uploads\/2025\/07\/Masaje-Cobido-2.jpg\" \/><\/a><\/div><\/figure><\/div><\/div>\n\n<div  class=\"wp-block-ultimate-post-image ultp-block-346f3e\"><div class=\"ultp-block-wrapper\"><figure class=\"ultp-image-block-wrapper\"><div class=\"ultp-image-block ultp-image-block-zoomIn\"><a href=\"https:\/\/varios.surpaginasweb.com.ar\/estetica\/wp-content\/uploads\/2025\/07\/Masaje-Cobido-1.jpg\" target=\"_blank\"><img decoding=\"async\"  class=\"ultp-image\"  alt=\"Image Not Found\"  src=\"https:\/\/varios.surpaginasweb.com.ar\/estetica\/wp-content\/uploads\/2025\/07\/Masaje-Cobido-1.jpg\" \/><\/a><\/div><\/figure><\/div><\/div><\/div>\n\n\n\n<div style=\"height:30px\" aria-hidden=\"true\" class=\"wp-block-spacer\"><\/div>\n\n\n\n<div style=\"height:50px\" aria-hidden=\"true\" class=\"wp-block-spacer\"><\/div>\n","protected":false},"excerpt":{"rendered":"<p>Pr\u00e1ctica basada en la reflexolog\u00eda facial, el shiatsu, y el drenaje linf\u00e1tico, sus manipulaciones consiguen el levantamiento de la piel de forma natural. Lo que se consigue con el Lifting Japon\u00e9s:<\/p>\n","protected":false},"author":1,"featured_media":0,"parent":0,"menu_order":0,"comment_status":"closed","ping_status":"closed","template":"","meta":{"inline_featured_image":false,"_joinchat":[],"footnotes":""},"class_list":["post-1532","page","type-page","status-publish","hentry"],"_links":{"self":[{"href":"https:\/\/varios.surpaginasweb.com.ar\/estetica\/wp-json\/wp\/v2\/pages\/1532","targetHints":{"allow":["GET"]}}],"collection":[{"href":"https:\/\/varios.surpaginasweb.com.ar\/estetica\/wp-json\/wp\/v2\/pages"}],"about":[{"href":"https:\/\/varios.surpaginasweb.com.ar\/estetica\/wp-json\/wp\/v2\/types\/page"}],"author":[{"embeddable":true,"href":"https:\/\/varios.surpaginasweb.com.ar\/estetica\/wp-json\/wp\/v2\/users\/1"}],"replies":[{"embeddable":true,"href":"https:\/\/varios.surpaginasweb.com.ar\/estetica\/wp-json\/wp\/v2\/comments?post=1532"}],"version-history":[{"count":0,"href":"https:\/\/varios.surpaginasweb.com.ar\/estetica\/wp-json\/wp\/v2\/pages\/1532\/revisions"}],"wp:attachment":[{"href":"https:\/\/varios.surpaginasweb.com.ar\/estetica\/wp-json\/wp\/v2\/media?parent=1532"}],"curies":[{"name":"wp","href":"https:\/\/api.w.org\/{rel}","templated":true}]}}