{"id":11,"date":"2020-10-30T00:19:36","date_gmt":"2020-10-30T00:19:36","guid":{"rendered":"https:\/\/varios.surpaginasweb.com.ar\/inmobiliaria\/?page_id=11"},"modified":"2020-10-30T02:15:27","modified_gmt":"2020-10-30T02:15:27","slug":"inicio","status":"publish","type":"page","link":"https:\/\/varios.surpaginasweb.com.ar\/inmobiliaria\/","title":{"rendered":"Inicio"},"content":{"rendered":"\n<h2 class=\"wp-block-heading\">T\u00edtulos<\/h2>\n\n\n\n<h5 class=\"wp-block-heading\">\u00a1Encontr\u00e1 las mejores propiedades en venta y alquiler!Argenprop es el portal inmobiliario l\u00edder en b\u00fasqueda de propiedades e inmuebles en Argentina.<\/h5>\n\n\n\n<h5 class=\"wp-block-heading\"><br><em>Si lo que quer\u00e9s es alquilar o comprar un departamento, casa, local, oficina o terreno, este es el sitio para vos.<\/em><\/h5>\n\n\n\n<div style=\"height:63px\" aria-hidden=\"true\" class=\"wp-block-spacer\"><\/div>\n\n\n<div class=\"wpsight-listings-search-sc\">\n<form method=\"get\" action=\"https:\/\/varios.surpaginasweb.com.ar\/inmobiliaria\/inmuebles\/\" class=\"wpsight-listings-search horizontal\">\n\t\n\t<div class=\"listings-search-default\">\t\n\t\t<div class=\"listings-search-field listings-search-field-text listings-search-field-keyword width-3-4\">\n\t<input class=\"listing-search-keyword text\" title=\"Keyword or Listing ID&hellip;\" name=\"keyword\" type=\"text\" value=\"\" placeholder=\"Keyword or Listing ID&hellip;\" \/>\n<\/div><!-- .listings-search-field-keyword --><div class=\"listings-search-field listings-search-field-submit listings-search-field-submit width-1-4\">\n\t<input type=\"submit\" value=\"Search\">\n<\/div><!-- .listings-search-field-submit --><div class=\"listings-search-field listings-search-field-select listings-search-field-offer width-1-5\">\n\n\t<select class=\"listing-search-offer select\" name=\"offer\">\t\t\n\t\t<option value=\"\">Offer<\/option>\t\t\t\t\t\t\t\t\n\t\t\t\t\t\t\t\t\t\t\t\n\t\t\t\t\t\t\t\t\t\t\t\n\t\t\t<option value=\"sale\" data-default=\"false\">For Sale<\/option>\n\t\t\t\t\t\t\t\t\t\t\n\t\t\t\t\t\t\t\t\t\t\t\n\t\t\t\t\t\t\t\t\t\t\t\n\t\t\t<option value=\"rent\" data-default=\"false\">For Rent<\/option>\n\t\t\t\t\t\t\t\t\t\t\n\t\t\t\t\t\t\t\t\t\n\t<\/select><!-- .listing-search-offer -->\n\n<\/div><!-- .listings-search-field-offer --><div class=\"listings-search-field listings-search-field-taxonomy_select listings-search-field-location width-1-5\">\n\n\t\t\n\t<select name='location' id='location' class='listing-search-location select'>\n\t<option value='' selected='selected'>Location<\/option>\n\t<option class=\"level-0\" value=\"buenos-aires\">Buenos Aires<\/option>\n\t<option class=\"level-1\" value=\"san-martin\">&nbsp;&nbsp;&nbsp;San Mart\u00edn<\/option>\n\t<option class=\"level-0\" value=\"ciudad-de-buenos-aires\">Ciudad de Buenos Aires<\/option>\n<\/select>\n\n<\/div><!-- .listings-search-field-location --><div class=\"listings-search-field listings-search-field-taxonomy_select listings-search-field-listing-type width-1-5\">\n\n\t\t\n\t<select name='listing-type' id='listing-type' class='listing-search-listing-type select'>\n\t<option value='' selected='selected'>Type<\/option>\n\t<option class=\"level-0\" value=\"casa\">Casa<\/option>\n\t<option class=\"level-0\" value=\"departamento\">Departamento<\/option>\n<\/select>\n\n<\/div><!-- .listings-search-field-listing-type --><div class=\"listings-search-field listings-search-field-select listings-search-field-details_1 width-1-5\">\n\n\t<select class=\"listing-search-details_1 select\" name=\"bedrooms\">\t\t\n\t\t<option value=\"\"><\/option>\t\t\t\t\t\t\t\t\n\t\t\t\t\t\t\t\t\t\t\t\n\t\t\t\t\t\t\t\t\t\t\t\n\t\t\t\t\t\t\t\t\t\t\n\t\t\t\t\t\t\t\t\t\t\t\n\t\t\t\t\t\t\t\t\t\t\t\n\t\t\t<option value=\"1\" data-default=\"false\">1<\/option>\n\t\t\t\t\t\t\t\t\t\t\n\t\t\t\t\t\t\t\t\t\t\t\n\t\t\t\t\t\t\t\t\t\t\t\n\t\t\t<option value=\"2\" data-default=\"false\">2<\/option>\n\t\t\t\t\t\t\t\t\t\t\n\t\t\t\t\t\t\t\t\t\t\t\n\t\t\t\t\t\t\t\t\t\t\t\n\t\t\t<option value=\"3\" data-default=\"false\">3<\/option>\n\t\t\t\t\t\t\t\t\t\t\n\t\t\t\t\t\t\t\t\t\t\t\n\t\t\t\t\t\t\t\t\t\t\t\n\t\t\t<option value=\"4\" data-default=\"false\">4<\/option>\n\t\t\t\t\t\t\t\t\t\t\n\t\t\t\t\t\t\t\t\t\t\t\n\t\t\t\t\t\t\t\t\t\t\t\n\t\t\t<option value=\"5\" data-default=\"false\">5<\/option>\n\t\t\t\t\t\t\t\t\t\t\n\t\t\t\t\t\t\t\t\t\t\t\n\t\t\t\t\t\t\t\t\t\t\t\n\t\t\t<option value=\"6\" data-default=\"false\">6<\/option>\n\t\t\t\t\t\t\t\t\t\t\n\t\t\t\t\t\t\t\t\t\t\t\n\t\t\t\t\t\t\t\t\t\t\t\n\t\t\t<option value=\"7\" data-default=\"false\">7<\/option>\n\t\t\t\t\t\t\t\t\t\t\n\t\t\t\t\t\t\t\t\t\t\t\n\t\t\t\t\t\t\t\t\t\t\t\n\t\t\t<option value=\"8\" data-default=\"false\">8<\/option>\n\t\t\t\t\t\t\t\t\t\t\n\t\t\t\t\t\t\t\t\t\t\t\n\t\t\t\t\t\t\t\t\t\t\t\n\t\t\t<option value=\"9\" data-default=\"false\">9<\/option>\n\t\t\t\t\t\t\t\t\t\t\n\t\t\t\t\t\t\t\t\t\t\t\n\t\t\t\t\t\t\t\t\t\t\t\n\t\t\t<option value=\"10\" data-default=\"false\">10<\/option>\n\t\t\t\t\t\t\t\t\t\t\n\t\t\t\t\t\t\t\t\t\n\t<\/select><!-- .listing-search-details_1 -->\n\n<\/div><!-- .listings-search-field-details_1 --><div class=\"listings-search-field listings-search-field-select listings-search-field-details_2 width-1-5\">\n\n\t<select class=\"listing-search-details_2 select\" name=\"bathrooms\">\t\t\n\t\t<option value=\"\"><\/option>\t\t\t\t\t\t\t\t\n\t\t\t\t\t\t\t\t\t\t\t\n\t\t\t\t\t\t\t\t\t\t\t\n\t\t\t\t\t\t\t\t\t\t\n\t\t\t\t\t\t\t\t\t\t\t\n\t\t\t\t\t\t\t\t\t\t\t\n\t\t\t<option value=\"1\" data-default=\"false\">1<\/option>\n\t\t\t\t\t\t\t\t\t\t\n\t\t\t\t\t\t\t\t\t\t\t\n\t\t\t\t\t\t\t\t\t\t\t\n\t\t\t<option value=\"2\" data-default=\"false\">2<\/option>\n\t\t\t\t\t\t\t\t\t\t\n\t\t\t\t\t\t\t\t\t\t\t\n\t\t\t\t\t\t\t\t\t\t\t\n\t\t\t<option value=\"3\" data-default=\"false\">3<\/option>\n\t\t\t\t\t\t\t\t\t\t\n\t\t\t\t\t\t\t\t\t\t\t\n\t\t\t\t\t\t\t\t\t\t\t\n\t\t\t<option value=\"4\" data-default=\"false\">4<\/option>\n\t\t\t\t\t\t\t\t\t\t\n\t\t\t\t\t\t\t\t\t\t\t\n\t\t\t\t\t\t\t\t\t\t\t\n\t\t\t<option value=\"5\" data-default=\"false\">5<\/option>\n\t\t\t\t\t\t\t\t\t\t\n\t\t\t\t\t\t\t\t\t\t\t\n\t\t\t\t\t\t\t\t\t\t\t\n\t\t\t<option value=\"6\" data-default=\"false\">6<\/option>\n\t\t\t\t\t\t\t\t\t\t\n\t\t\t\t\t\t\t\t\t\t\t\n\t\t\t\t\t\t\t\t\t\t\t\n\t\t\t<option value=\"7\" data-default=\"false\">7<\/option>\n\t\t\t\t\t\t\t\t\t\t\n\t\t\t\t\t\t\t\t\t\t\t\n\t\t\t\t\t\t\t\t\t\t\t\n\t\t\t<option value=\"8\" data-default=\"false\">8<\/option>\n\t\t\t\t\t\t\t\t\t\t\n\t\t\t\t\t\t\t\t\t\t\t\n\t\t\t\t\t\t\t\t\t\t\t\n\t\t\t<option value=\"9\" data-default=\"false\">9<\/option>\n\t\t\t\t\t\t\t\t\t\t\n\t\t\t\t\t\t\t\t\t\t\t\n\t\t\t\t\t\t\t\t\t\t\t\n\t\t\t<option value=\"10\" data-default=\"false\">10<\/option>\n\t\t\t\t\t\t\t\t\t\t\n\t\t\t\t\t\t\t\t\t\n\t<\/select><!-- .listing-search-details_2 -->\n\n<\/div><!-- .listings-search-field-details_2 -->\t<\/div><!-- .listings-search-default -->\n\t\n\t\t\n\t\t<div class=\"listings-search-advanced\">\t\t\n\t\t\t<div class=\"listings-search-field listings-search-field-text listings-search-field-min width-1-4\">\n\t<input class=\"listing-search-min text\" title=\"Price (min)\" name=\"min\" type=\"text\" value=\"\" placeholder=\"Price (min)\" \/>\n<\/div><!-- .listings-search-field-min --><div class=\"listings-search-field listings-search-field-text listings-search-field-max width-1-4\">\n\t<input class=\"listing-search-max text\" title=\"Price (max)\" name=\"max\" type=\"text\" value=\"\" placeholder=\"Price (max)\" \/>\n<\/div><!-- .listings-search-field-max --><div class=\"listings-search-field listings-search-field-select listings-search-field-orderby width-1-4\">\n\n\t<select class=\"listing-search-orderby select\" name=\"orderby\">\t\t\n\t\t<option value=\"\">Order by<\/option>\t\t\t\t\t\t\t\t\n\t\t\t\t\t\t\t\t\t\t\t\n\t\t\t\t\t\t\t\t\t\t\t\n\t\t\t<option value=\"date\" selected='selected' data-default=\"true\">Date<\/option>\n\t\t\t\t\t\t\t\t\t\t\n\t\t\t\t\t\t\t\t\t\t\t\n\t\t\t\t\t\t\t\t\t\t\t\n\t\t\t<option value=\"price\" data-default=\"false\">Price<\/option>\n\t\t\t\t\t\t\t\t\t\t\n\t\t\t\t\t\t\t\t\t\t\t\n\t\t\t\t\t\t\t\t\t\t\t\n\t\t\t<option value=\"title\" data-default=\"false\">Title<\/option>\n\t\t\t\t\t\t\t\t\t\t\n\t\t\t\t\t\t\t\t\t\n\t<\/select><!-- .listing-search-orderby -->\n\n<\/div><!-- .listings-search-field-orderby --><div class=\"listings-search-field listings-search-field-select listings-search-field-order width-1-4\">\n\n\t<select class=\"listing-search-order select\" name=\"order\">\t\t\n\t\t<option value=\"\">Order<\/option>\t\t\t\t\t\t\t\t\n\t\t\t\t\t\t\t\t\t\t\t\n\t\t\t\t\t\t\t\t\t\t\t\n\t\t\t<option value=\"asc\" data-default=\"false\">asc<\/option>\n\t\t\t\t\t\t\t\t\t\t\n\t\t\t\t\t\t\t\t\t\t\t\n\t\t\t\t\t\t\t\t\t\t\t\n\t\t\t<option value=\"desc\" selected='selected' data-default=\"true\">desc<\/option>\n\t\t\t\t\t\t\t\t\t\t\n\t\t\t\t\t\t\t\t\t\n\t<\/select><!-- .listing-search-order -->\n\n<\/div><!-- .listings-search-field-order --><div class=\"listings-search-field listings-search-field-taxonomy_checkbox listings-search-field-feature width-auto\">\n\t\n\t\t\n\t\t\n\t\t\t\t\t\n\t\t<label class=\"checkbox\"><input type=\"checkbox\" name=\"feature[3]\" value=\"cochera\">Con Cochera<\/label>\n\t\t\t\t\t\n\t\t<label class=\"checkbox\"><input type=\"checkbox\" name=\"feature[9]\" value=\"con-fondo\">Con Fondo<\/label>\n\t\n<\/div><!-- .listings-search-field-feature -->\t\t<\/div><!-- .listings-search-advanced -->\n\t\t\t\n\t\t\t\t<span class=\"listings-search-advanced-toggle\">Advanced Search<\/span>\t\t\t\n\t\t\n\t\t\n\t\t\t\t<span class=\"listings-search-reset\">Reset Search<\/span>\t\t\t\n\t\t\n\t\t\t\n<\/form><!-- .wpsight-listings-search --><\/div>\n","protected":false},"excerpt":{"rendered":"<p>T\u00edtulos \u00a1Encontr\u00e1 las mejores propiedades en venta y alquiler!Argenprop es el portal inmobiliario l\u00edder en b\u00fasqueda de propiedades e inmuebles en Argentina. Si lo que quer\u00e9s es alquilar o comprar un departamento, casa, local, oficina o terreno, este es el sitio para vos.<\/p>\n","protected":false},"author":1,"featured_media":0,"parent":0,"menu_order":0,"comment_status":"closed","ping_status":"closed","template":"","meta":{"footnotes":""},"class_list":["post-11","page","type-page","status-publish","hentry"],"_links":{"self":[{"href":"https:\/\/varios.surpaginasweb.com.ar\/inmobiliaria\/wp-json\/wp\/v2\/pages\/11","targetHints":{"allow":["GET"]}}],"collection":[{"href":"https:\/\/varios.surpaginasweb.com.ar\/inmobiliaria\/wp-json\/wp\/v2\/pages"}],"about":[{"href":"https:\/\/varios.surpaginasweb.com.ar\/inmobiliaria\/wp-json\/wp\/v2\/types\/page"}],"author":[{"embeddable":true,"href":"https:\/\/varios.surpaginasweb.com.ar\/inmobiliaria\/wp-json\/wp\/v2\/users\/1"}],"replies":[{"embeddable":true,"href":"https:\/\/varios.surpaginasweb.com.ar\/inmobiliaria\/wp-json\/wp\/v2\/comments?post=11"}],"version-history":[{"count":0,"href":"https:\/\/varios.surpaginasweb.com.ar\/inmobiliaria\/wp-json\/wp\/v2\/pages\/11\/revisions"}],"wp:attachment":[{"href":"https:\/\/varios.surpaginasweb.com.ar\/inmobiliaria\/wp-json\/wp\/v2\/media?parent=11"}],"curies":[{"name":"wp","href":"https:\/\/api.w.org\/{rel}","templated":true}]}}